{"id":112,"date":"2024-10-01T17:13:28","date_gmt":"2024-10-01T15:13:28","guid":{"rendered":"https:\/\/testing.saarphila.de\/?page_id=112"},"modified":"2026-02-20T10:51:55","modified_gmt":"2026-02-20T09:51:55","slug":"deutsche-briefmarken-revue","status":"publish","type":"page","link":"https:\/\/books.saarphila.de\/?page_id=112","title":{"rendered":"Deutsche Briefmarken-Revue"},"content":{"rendered":"<p>Ich habe 21 Artikel \u00fcber die Briefmarken der Serie \u2039Berufe und Sehensw\u00fcrdigkeiten an der Saar\u203a in der Deutschen Briefmarken-Revue publiziert. 20 Artikel \u00fcber die Feldmerkmale der 20 Werte des Altdrucks (MICHEL<sup>\u00ae\u00a0<\/sup>= SAAR I) sowie einen Artikel \u00fcber die Ministerblocks des Neudrucks.<\/p>\n<h5>Feldmerkmale der Freimarkenserie \u2039SAAR I\u203a<\/h5>\n<p>20-teilige Artikelserie \u00fcber die Feldmerkmale der BuS I \/ SAAR I. Mehr als 420 Feldmerkmale, wiederkehrende Feldmerkmale sowie Reihenmerkmale werden besprochen und abgebildet. Dar\u00fcber hinaus behandele ich in jedem Beitrag einen ausgew\u00e4hlten Aspekt dieser faszinierenden Briefmarkenserie.<\/p>\n<p style=\"text-align: center;\"><span class='maxbutton-1-container mb-container'><a class=\"maxbutton-1 maxbutton maxbutton-aktuelles\" title=\"zur Beitragsserie\" href=\"https:\/\/books.saarphila.de\/?page_id=230\"><span class='mb-text'>Feldmerkmale SAAR I<\/span><\/a><\/span><\/p>\n<p>____________________<\/p>\n<p>\ud83c\uddec\ud83c\udde7 <strong>In a nutshell<\/strong>: Series of 20 articles about the production and the flaws\/varieties of the definitive issue \u2039Professions and sights at the Saar\u203a.<\/p>\n<p>\ud83c\uddeb\ud83c\uddf7 <strong>En bref<\/strong>: Serie de 20 articles sur la fabrication et des particularit\u00e9s\/les vari\u00e9t\u00e9s constantes des \u00e9missions \u2039M\u00e9tiers et sites de la Sarre\u203a.<\/p>\n<p style=\"text-align: center;\">____________________<\/p>\n<h5>Ministerblocks der 2. Offenburger Ausgabe<\/h5>\n<p>In diesem Artikel thematisiere ich die abweichende Zeichnung des Bildmotivs \u2039Bergmann\u203a auf den Ministerblocks oder \u2039feuilles de luxe\u203a.<\/p>\n<p>Durch einen \u2192 Klick auf das Cover \u00f6ffnet sich ein neues Fenster mit dem Artikel.<\/p>\n<figure id=\"attachment_292\" aria-describedby=\"caption-attachment-292\" style=\"width: 227px\" class=\"wp-caption aligncenter\"><a href=\"https:\/\/books.saarphila.de\/wp-content\/uploads\/2024\/11\/DBR-2023-01-1.pdf\" target=\"_blank\" rel=\"noopener\"><img loading=\"lazy\" decoding=\"async\" class=\"wp-image-292 size-medium\" src=\"https:\/\/books.saarphila.de\/wp-content\/uploads\/2024\/11\/DBR-2023-01-227x300.jpg\" alt=\"\" width=\"227\" height=\"300\" srcset=\"https:\/\/books.saarphila.de\/wp-content\/uploads\/2024\/11\/DBR-2023-01-227x300.jpg 227w, https:\/\/books.saarphila.de\/wp-content\/uploads\/2024\/11\/DBR-2023-01-773x1024.jpg 773w, https:\/\/books.saarphila.de\/wp-content\/uploads\/2024\/11\/DBR-2023-01-768x1017.jpg 768w, https:\/\/books.saarphila.de\/wp-content\/uploads\/2024\/11\/DBR-2023-01-1160x1536.jpg 1160w, https:\/\/books.saarphila.de\/wp-content\/uploads\/2024\/11\/DBR-2023-01-1200x1589.jpg 1200w, https:\/\/books.saarphila.de\/wp-content\/uploads\/2024\/11\/DBR-2023-01.jpg 1530w\" sizes=\"auto, (max-width: 227px) 100vw, 227px\" \/><\/a><figcaption id=\"caption-attachment-292\" class=\"wp-caption-text\">Ausgabe 1\/2023<\/figcaption><\/figure>\n<p>____________________<\/p>\n<p>\ud83c\uddec\ud83c\udde7 <strong>In a nutshell<\/strong>: In this article, I discuss the divergent design of the pictorial motif \u2039steel-worker\u203a on \u2039special | luxury sheets\u203a. Click on the cover to access the article (PDF, in German).<\/p>\n<p>\ud83c\uddeb\ud83c\uddf7 <strong>En bref<\/strong>: Dans cet article, je th\u00e9matise le dessin divergent du motif pictural \u2039ouvrier d&#8217;acier\u203a sur les \u2039feuilles | feuillets de luxe\u203a. Clique sur l&#8217;image de couverture pour acc\u00e9der \u00e0 l&#8217;article (PDF, en allemand).<\/p>\n<p>#saarphila #saarphilatelie<\/p>\n","protected":false},"excerpt":{"rendered":"<p>Ich habe 21 Artikel \u00fcber die Briefmarken der Serie \u2039Berufe und Sehensw\u00fcrdigkeiten an der Saar\u203a in der Deutschen Briefmarken-Revue publiziert. 20 Artikel \u00fcber die Feldmerkmale der 20 Werte des Altdrucks (MICHEL\u00ae\u00a0= SAAR I) sowie einen Artikel \u00fcber die Ministerblocks des Neudrucks. Feldmerkmale der Freimarkenserie \u2039SAAR I\u203a 20-teilige Artikelserie \u00fcber die Feldmerkmale der BuS I \/&hellip;<\/p>\n","protected":false},"author":2,"featured_media":0,"parent":35,"menu_order":0,"comment_status":"closed","ping_status":"closed","template":"","meta":{"footnotes":""},"class_list":["post-112","page","type-page","status-publish","hentry"],"_links":{"self":[{"href":"https:\/\/books.saarphila.de\/index.php?rest_route=\/wp\/v2\/pages\/112","targetHints":{"allow":["GET"]}}],"collection":[{"href":"https:\/\/books.saarphila.de\/index.php?rest_route=\/wp\/v2\/pages"}],"about":[{"href":"https:\/\/books.saarphila.de\/index.php?rest_route=\/wp\/v2\/types\/page"}],"author":[{"embeddable":true,"href":"https:\/\/books.saarphila.de\/index.php?rest_route=\/wp\/v2\/users\/2"}],"replies":[{"embeddable":true,"href":"https:\/\/books.saarphila.de\/index.php?rest_route=%2Fwp%2Fv2%2Fcomments&post=112"}],"version-history":[{"count":0,"href":"https:\/\/books.saarphila.de\/index.php?rest_route=\/wp\/v2\/pages\/112\/revisions"}],"up":[{"embeddable":true,"href":"https:\/\/books.saarphila.de\/index.php?rest_route=\/wp\/v2\/pages\/35"}],"wp:attachment":[{"href":"https:\/\/books.saarphila.de\/index.php?rest_route=%2Fwp%2Fv2%2Fmedia&parent=112"}],"curies":[{"name":"wp","href":"https:\/\/api.w.org\/{rel}","templated":true}]}}