{"id":116,"date":"2024-10-01T17:14:44","date_gmt":"2024-10-01T15:14:44","guid":{"rendered":"https:\/\/testing.saarphila.de\/?page_id=116"},"modified":"2026-02-21T16:54:41","modified_gmt":"2026-02-21T15:54:41","slug":"mitteilungsblatt-arge-saar","status":"publish","type":"page","link":"https:\/\/books.saarphila.de\/?page_id=116","title":{"rendered":"Mitteilungsblatt ArGe SAAR"},"content":{"rendered":"<p>Auf dieser Seite stelle ich euch meine Ver\u00f6ffentlichungen im Mitteilungsblatt der Bundesarbeitsgemeinschaft SAAR f\u00fcr Philatelie und Postgeschichte [ArGe SAAR] vor. Ein Klick auf das entsprechende Cover leitet euch weiter.<\/p>\n<figure id=\"attachment_384\" aria-describedby=\"caption-attachment-384\" style=\"width: 211px\" class=\"wp-caption alignnone\"><a href=\"https:\/\/books.saarphila.de\/?page_id=392\" target=\"_blank\" rel=\"noopener\"><img loading=\"lazy\" decoding=\"async\" class=\"wp-image-384 size-medium\" src=\"https:\/\/books.saarphila.de\/wp-content\/uploads\/2026\/02\/MB-62-Titelseite-211x300.jpeg\" alt=\"\" width=\"211\" height=\"300\" srcset=\"https:\/\/books.saarphila.de\/wp-content\/uploads\/2026\/02\/MB-62-Titelseite-211x300.jpeg 211w, https:\/\/books.saarphila.de\/wp-content\/uploads\/2026\/02\/MB-62-Titelseite-720x1024.jpeg 720w, https:\/\/books.saarphila.de\/wp-content\/uploads\/2026\/02\/MB-62-Titelseite-768x1092.jpeg 768w, https:\/\/books.saarphila.de\/wp-content\/uploads\/2026\/02\/MB-62-Titelseite-1081x1536.jpeg 1081w, https:\/\/books.saarphila.de\/wp-content\/uploads\/2026\/02\/MB-62-Titelseite-1441x2048.jpeg 1441w, https:\/\/books.saarphila.de\/wp-content\/uploads\/2026\/02\/MB-62-Titelseite-1200x1705.jpeg 1200w, https:\/\/books.saarphila.de\/wp-content\/uploads\/2026\/02\/MB-62-Titelseite-1980x2814.jpeg 1980w, https:\/\/books.saarphila.de\/wp-content\/uploads\/2026\/02\/MB-62-Titelseite-scaled.jpeg 1801w\" sizes=\"auto, (max-width: 211px) 100vw, 211px\" \/><\/a><figcaption id=\"caption-attachment-384\" class=\"wp-caption-text\">MB 62 &#8211; 12\/2023<\/figcaption><\/figure>\n<figure id=\"attachment_407\" aria-describedby=\"caption-attachment-407\" style=\"width: 211px\" class=\"wp-caption alignnone\"><a href=\"https:\/\/books.saarphila.de\/?page_id=409\" target=\"_blank\" rel=\"noopener\"><img loading=\"lazy\" decoding=\"async\" class=\"wp-image-407 size-medium\" src=\"https:\/\/books.saarphila.de\/wp-content\/uploads\/2026\/02\/MB-60-Titelseite-211x300.jpeg\" alt=\"\" width=\"211\" height=\"300\" srcset=\"https:\/\/books.saarphila.de\/wp-content\/uploads\/2026\/02\/MB-60-Titelseite-211x300.jpeg 211w, https:\/\/books.saarphila.de\/wp-content\/uploads\/2026\/02\/MB-60-Titelseite-719x1024.jpeg 719w, https:\/\/books.saarphila.de\/wp-content\/uploads\/2026\/02\/MB-60-Titelseite-768x1093.jpeg 768w, https:\/\/books.saarphila.de\/wp-content\/uploads\/2026\/02\/MB-60-Titelseite-1079x1536.jpeg 1079w, https:\/\/books.saarphila.de\/wp-content\/uploads\/2026\/02\/MB-60-Titelseite-1439x2048.jpeg 1439w, https:\/\/books.saarphila.de\/wp-content\/uploads\/2026\/02\/MB-60-Titelseite-1200x1708.jpeg 1200w, https:\/\/books.saarphila.de\/wp-content\/uploads\/2026\/02\/MB-60-Titelseite-1980x2818.jpeg 1980w, https:\/\/books.saarphila.de\/wp-content\/uploads\/2026\/02\/MB-60-Titelseite-scaled.jpeg 1799w\" sizes=\"auto, (max-width: 211px) 100vw, 211px\" \/><\/a><figcaption id=\"caption-attachment-407\" class=\"wp-caption-text\">MB 60 &#8211; 6\/2021<\/figcaption><\/figure>\n<p>____________________<\/p>\n<p><img decoding=\"async\" class=\"emoji\" role=\"img\" draggable=\"false\" src=\"https:\/\/s.w.org\/images\/core\/emoji\/17.0.2\/svg\/1f1ec-1f1e7.svg\" alt=\"\ud83c\uddec\ud83c\udde7\" \/> <strong>In a nutshell<\/strong>: Here, I present the articles I wrote for the journal of the Federal Philatelic Study Group \u2039SAAR\u203a.<br \/>\nClick on one of the covers to get more information.<\/p>\n<p><img decoding=\"async\" class=\"emoji\" role=\"img\" draggable=\"false\" src=\"https:\/\/s.w.org\/images\/core\/emoji\/17.0.2\/svg\/1f1eb-1f1f7.svg\" alt=\"\ud83c\uddeb\ud83c\uddf7\" \/> <strong>En bref<\/strong>: Je vous pr\u00e9sente ici les articles que j&#8217;ai \u00e9crits pour la revue du Groupe f\u00e9d\u00e9ral d&#8217;\u00e9tude philat\u00e9lique \u2039SARRE\u203a.<br \/>\nCliquez sur l&#8217;une des couvertures pour obtenir plus d&#8217;informations.<\/p>\n<p>#saarphila #saarphilatelie<\/p>\n","protected":false},"excerpt":{"rendered":"<p>Auf dieser Seite stelle ich euch meine Ver\u00f6ffentlichungen im Mitteilungsblatt der Bundesarbeitsgemeinschaft SAAR f\u00fcr Philatelie und Postgeschichte [ArGe SAAR] vor. Ein Klick auf das entsprechende Cover leitet euch weiter. ____________________ In a nutshell: Here, I present the articles I wrote for the journal of the Federal Philatelic Study Group \u2039SAAR\u203a. Click on one of the&hellip;<\/p>\n","protected":false},"author":2,"featured_media":0,"parent":35,"menu_order":0,"comment_status":"closed","ping_status":"closed","template":"","meta":{"footnotes":""},"class_list":["post-116","page","type-page","status-publish","hentry"],"_links":{"self":[{"href":"https:\/\/books.saarphila.de\/index.php?rest_route=\/wp\/v2\/pages\/116","targetHints":{"allow":["GET"]}}],"collection":[{"href":"https:\/\/books.saarphila.de\/index.php?rest_route=\/wp\/v2\/pages"}],"about":[{"href":"https:\/\/books.saarphila.de\/index.php?rest_route=\/wp\/v2\/types\/page"}],"author":[{"embeddable":true,"href":"https:\/\/books.saarphila.de\/index.php?rest_route=\/wp\/v2\/users\/2"}],"replies":[{"embeddable":true,"href":"https:\/\/books.saarphila.de\/index.php?rest_route=%2Fwp%2Fv2%2Fcomments&post=116"}],"version-history":[{"count":0,"href":"https:\/\/books.saarphila.de\/index.php?rest_route=\/wp\/v2\/pages\/116\/revisions"}],"up":[{"embeddable":true,"href":"https:\/\/books.saarphila.de\/index.php?rest_route=\/wp\/v2\/pages\/35"}],"wp:attachment":[{"href":"https:\/\/books.saarphila.de\/index.php?rest_route=%2Fwp%2Fv2%2Fmedia&parent=116"}],"curies":[{"name":"wp","href":"https:\/\/api.w.org\/{rel}","templated":true}]}}