{"id":230,"date":"2024-11-21T14:20:58","date_gmt":"2024-11-21T13:20:58","guid":{"rendered":"https:\/\/books.saarphila.de\/?page_id=230"},"modified":"2026-02-20T10:37:38","modified_gmt":"2026-02-20T09:37:38","slug":"die-feldmerkmale-der-saar-i","status":"publish","type":"page","link":"https:\/\/books.saarphila.de\/?page_id=230","title":{"rendered":"Die Feldmerkmale der SAAR I"},"content":{"rendered":"<p>Mit dieser Artikelserie habe ich 2022\/23 den Lesern der Deutschen Briefmarken-Revue das faszinierende Sammelgebiet \u2039Feldmerkmale der SAAR I\u203a vorgestellt. Mehr als 420 Feldmerkmale, wiederkehrende Feldmerkmale sowie Reihenmerkmale werden in 20 Beitr\u00e4gen besprochen und abgebildet. Das sind weitaus mehr, als in den MICHEL\u00ae-Katalogen als \u2039Plattenfehler\u203a (sic!) aufgef\u00fchrt sind.<\/p>\n<p>Jeder Artikel beleuchtet neben den Feldmerkmalen jeweils einen interessanten Aspekt der Briefmarkenausgaben \u2039Berufe und Sehensw\u00fcrdigkeiten an der Saar\u203a. Beispielsweise:<\/p>\n<ul>\n<li>Rotations-Tiefdruck<\/li>\n<li>Feldmerkmale und ihre Ursachen<\/li>\n<li>Feldmerkmale in Teilauflage<\/li>\n<li>ein Wasserzeichen, zwei Orientierungen<\/li>\n<li>die \u2039Geburtsurkunden\u203a der Briefmarkenausgabe<\/li>\n<li>die Bildmotive<\/li>\n<li>usw.<\/li>\n<\/ul>\n<p>Die Entstehungsgeschichte und die Besonderheiten der Briefmarkenausgaben \u2039Berufe und Sehensw\u00fcrdigkeiten an der Saar\u203a sind auch f\u00fcr die Sammler der Franz\u00f6sischen Zone interessant, wurden die L\u00e4nderausgaben f\u00fcr Baden, W\u00fcrttemberg sowie Rheinland-Pfalz doch von derselben Druckerei auf derselben Druckmaschine hergestellt.<\/p>\n<p>Durch einen \u2192 Klick auf ein Cover \u00f6ffnet sich ein neues Fenster mit dem Artikel.<\/p>\n<p>____________________<\/p>\n<p>\ud83c\uddec\ud83c\udde7 <strong>In a nutshell<\/strong>: Series of 20 articles on the production and the flaws\/varieties of the definitive issue \u2039Professions and sights at the Saar\u203a. Click on a cover to access the article (PDF, in German).<\/p>\n<p>\ud83c\uddeb\ud83c\uddf7 <strong>En bref<\/strong>: Serie de 20 articles sur la fabrication et des particularit\u00e9s\/les vari\u00e9t\u00e9s constantes des \u00e9missions \u2039M\u00e9tiers et sites de la Sarre\u203a. Clique sur \u00a0une image de couverture pour acc\u00e9der \u00e0 l&#8217;article (PDF, en allemand).<\/p>\n<figure id=\"attachment_239\" aria-describedby=\"caption-attachment-239\" style=\"width: 227px\" class=\"wp-caption aligncenter\"><a href=\"https:\/\/books.saarphila.de\/wp-content\/uploads\/2024\/11\/DBR-2022-01.pdf\" target=\"_blank\" rel=\"noopener\"><img loading=\"lazy\" decoding=\"async\" class=\"wp-image-239 size-medium\" src=\"https:\/\/books.saarphila.de\/wp-content\/uploads\/2024\/11\/DBR-2022-01-227x300.jpeg\" alt=\"\" width=\"227\" height=\"300\" srcset=\"https:\/\/books.saarphila.de\/wp-content\/uploads\/2024\/11\/DBR-2022-01-227x300.jpeg 227w, https:\/\/books.saarphila.de\/wp-content\/uploads\/2024\/11\/DBR-2022-01-773x1024.jpeg 773w, https:\/\/books.saarphila.de\/wp-content\/uploads\/2024\/11\/DBR-2022-01-768x1017.jpeg 768w, https:\/\/books.saarphila.de\/wp-content\/uploads\/2024\/11\/DBR-2022-01-1160x1536.jpeg 1160w, https:\/\/books.saarphila.de\/wp-content\/uploads\/2024\/11\/DBR-2022-01-1200x1589.jpeg 1200w, https:\/\/books.saarphila.de\/wp-content\/uploads\/2024\/11\/DBR-2022-01.jpeg 1530w\" sizes=\"auto, (max-width: 227px) 100vw, 227px\" \/><\/a><figcaption id=\"caption-attachment-239\" class=\"wp-caption-text\">Ausgabe 1\/2022<\/figcaption><\/figure>\n<figure id=\"attachment_240\" aria-describedby=\"caption-attachment-240\" style=\"width: 227px\" class=\"wp-caption aligncenter\"><a href=\"https:\/\/books.saarphila.de\/wp-content\/uploads\/2024\/11\/DBR-2022-02.pdf\" target=\"_blank\" rel=\"noopener\"><img loading=\"lazy\" decoding=\"async\" class=\"wp-image-240 size-medium\" src=\"https:\/\/books.saarphila.de\/wp-content\/uploads\/2024\/11\/DBR-2022-02-227x300.jpeg\" alt=\"\" width=\"227\" height=\"300\" srcset=\"https:\/\/books.saarphila.de\/wp-content\/uploads\/2024\/11\/DBR-2022-02-227x300.jpeg 227w, https:\/\/books.saarphila.de\/wp-content\/uploads\/2024\/11\/DBR-2022-02-773x1024.jpeg 773w, https:\/\/books.saarphila.de\/wp-content\/uploads\/2024\/11\/DBR-2022-02-768x1017.jpeg 768w, https:\/\/books.saarphila.de\/wp-content\/uploads\/2024\/11\/DBR-2022-02-1160x1536.jpeg 1160w, https:\/\/books.saarphila.de\/wp-content\/uploads\/2024\/11\/DBR-2022-02-1200x1589.jpeg 1200w, https:\/\/books.saarphila.de\/wp-content\/uploads\/2024\/11\/DBR-2022-02.jpeg 1530w\" sizes=\"auto, (max-width: 227px) 100vw, 227px\" \/><\/a><figcaption id=\"caption-attachment-240\" class=\"wp-caption-text\">Ausgabe 2\/2022<\/figcaption><\/figure>\n<figure id=\"attachment_241\" aria-describedby=\"caption-attachment-241\" style=\"width: 227px\" class=\"wp-caption aligncenter\"><a href=\"https:\/\/books.saarphila.de\/wp-content\/uploads\/2024\/11\/DBR-2022-03.pdf\" target=\"_blank\" rel=\"noopener\"><img loading=\"lazy\" decoding=\"async\" class=\"wp-image-241 size-medium\" src=\"https:\/\/books.saarphila.de\/wp-content\/uploads\/2024\/11\/DBR-2022-03-227x300.jpeg\" alt=\"\" width=\"227\" height=\"300\" srcset=\"https:\/\/books.saarphila.de\/wp-content\/uploads\/2024\/11\/DBR-2022-03-227x300.jpeg 227w, https:\/\/books.saarphila.de\/wp-content\/uploads\/2024\/11\/DBR-2022-03-773x1024.jpeg 773w, https:\/\/books.saarphila.de\/wp-content\/uploads\/2024\/11\/DBR-2022-03-768x1017.jpeg 768w, https:\/\/books.saarphila.de\/wp-content\/uploads\/2024\/11\/DBR-2022-03-1160x1536.jpeg 1160w, https:\/\/books.saarphila.de\/wp-content\/uploads\/2024\/11\/DBR-2022-03-1200x1589.jpeg 1200w, https:\/\/books.saarphila.de\/wp-content\/uploads\/2024\/11\/DBR-2022-03.jpeg 1530w\" sizes=\"auto, (max-width: 227px) 100vw, 227px\" \/><\/a><figcaption id=\"caption-attachment-241\" class=\"wp-caption-text\">Ausgabe 3\/2022<\/figcaption><\/figure>\n<figure id=\"attachment_242\" aria-describedby=\"caption-attachment-242\" style=\"width: 227px\" class=\"wp-caption aligncenter\"><a href=\"https:\/\/books.saarphila.de\/wp-content\/uploads\/2024\/11\/DBR-2022-04.pdf\" target=\"_blank\" rel=\"noopener\"><img loading=\"lazy\" decoding=\"async\" class=\"wp-image-242 size-medium\" src=\"https:\/\/books.saarphila.de\/wp-content\/uploads\/2024\/11\/DBR-2022-04-227x300.jpeg\" alt=\"\" width=\"227\" height=\"300\" srcset=\"https:\/\/books.saarphila.de\/wp-content\/uploads\/2024\/11\/DBR-2022-04-227x300.jpeg 227w, https:\/\/books.saarphila.de\/wp-content\/uploads\/2024\/11\/DBR-2022-04-773x1024.jpeg 773w, https:\/\/books.saarphila.de\/wp-content\/uploads\/2024\/11\/DBR-2022-04-768x1017.jpeg 768w, https:\/\/books.saarphila.de\/wp-content\/uploads\/2024\/11\/DBR-2022-04-1160x1536.jpeg 1160w, https:\/\/books.saarphila.de\/wp-content\/uploads\/2024\/11\/DBR-2022-04-1200x1589.jpeg 1200w, https:\/\/books.saarphila.de\/wp-content\/uploads\/2024\/11\/DBR-2022-04.jpeg 1530w\" sizes=\"auto, (max-width: 227px) 100vw, 227px\" \/><\/a><figcaption id=\"caption-attachment-242\" class=\"wp-caption-text\">Ausgabe 4\/2022<\/figcaption><\/figure>\n<figure id=\"attachment_243\" aria-describedby=\"caption-attachment-243\" style=\"width: 227px\" class=\"wp-caption aligncenter\"><a href=\"https:\/\/books.saarphila.de\/wp-content\/uploads\/2024\/11\/DBR-2022-05.pdf\" target=\"_blank\" rel=\"noopener\"><img loading=\"lazy\" decoding=\"async\" class=\"wp-image-243 size-medium\" src=\"https:\/\/books.saarphila.de\/wp-content\/uploads\/2024\/11\/DBR-2022-05-227x300.jpeg\" alt=\"\" width=\"227\" height=\"300\" srcset=\"https:\/\/books.saarphila.de\/wp-content\/uploads\/2024\/11\/DBR-2022-05-227x300.jpeg 227w, https:\/\/books.saarphila.de\/wp-content\/uploads\/2024\/11\/DBR-2022-05-773x1024.jpeg 773w, https:\/\/books.saarphila.de\/wp-content\/uploads\/2024\/11\/DBR-2022-05-768x1017.jpeg 768w, https:\/\/books.saarphila.de\/wp-content\/uploads\/2024\/11\/DBR-2022-05-1160x1536.jpeg 1160w, https:\/\/books.saarphila.de\/wp-content\/uploads\/2024\/11\/DBR-2022-05-1200x1589.jpeg 1200w, https:\/\/books.saarphila.de\/wp-content\/uploads\/2024\/11\/DBR-2022-05.jpeg 1530w\" sizes=\"auto, (max-width: 227px) 100vw, 227px\" \/><\/a><figcaption id=\"caption-attachment-243\" class=\"wp-caption-text\">Ausgabe 5\/2022<\/figcaption><\/figure>\n<figure id=\"attachment_244\" aria-describedby=\"caption-attachment-244\" style=\"width: 227px\" class=\"wp-caption aligncenter\"><a href=\"https:\/\/books.saarphila.de\/wp-content\/uploads\/2024\/11\/DBR-2022-06.pdf\" target=\"_blank\" rel=\"noopener\"><img loading=\"lazy\" decoding=\"async\" class=\"wp-image-244 size-medium\" src=\"https:\/\/books.saarphila.de\/wp-content\/uploads\/2024\/11\/DBR-2022-06-227x300.jpeg\" alt=\"\" width=\"227\" height=\"300\" srcset=\"https:\/\/books.saarphila.de\/wp-content\/uploads\/2024\/11\/DBR-2022-06-227x300.jpeg 227w, https:\/\/books.saarphila.de\/wp-content\/uploads\/2024\/11\/DBR-2022-06-773x1024.jpeg 773w, https:\/\/books.saarphila.de\/wp-content\/uploads\/2024\/11\/DBR-2022-06-768x1017.jpeg 768w, https:\/\/books.saarphila.de\/wp-content\/uploads\/2024\/11\/DBR-2022-06-1160x1536.jpeg 1160w, https:\/\/books.saarphila.de\/wp-content\/uploads\/2024\/11\/DBR-2022-06-1200x1589.jpeg 1200w, https:\/\/books.saarphila.de\/wp-content\/uploads\/2024\/11\/DBR-2022-06.jpeg 1530w\" sizes=\"auto, (max-width: 227px) 100vw, 227px\" \/><\/a><figcaption id=\"caption-attachment-244\" class=\"wp-caption-text\">Ausgabe 6\/2022<\/figcaption><\/figure>\n<figure id=\"attachment_245\" aria-describedby=\"caption-attachment-245\" style=\"width: 227px\" class=\"wp-caption aligncenter\"><a href=\"https:\/\/books.saarphila.de\/wp-content\/uploads\/2024\/11\/DBR-2022-07.pdf\" target=\"_blank\" rel=\"noopener\"><img loading=\"lazy\" decoding=\"async\" class=\"wp-image-245 size-medium\" src=\"https:\/\/books.saarphila.de\/wp-content\/uploads\/2024\/11\/DBR-2022-07-227x300.jpeg\" alt=\"\" width=\"227\" height=\"300\" srcset=\"https:\/\/books.saarphila.de\/wp-content\/uploads\/2024\/11\/DBR-2022-07-227x300.jpeg 227w, https:\/\/books.saarphila.de\/wp-content\/uploads\/2024\/11\/DBR-2022-07-773x1024.jpeg 773w, https:\/\/books.saarphila.de\/wp-content\/uploads\/2024\/11\/DBR-2022-07-768x1017.jpeg 768w, https:\/\/books.saarphila.de\/wp-content\/uploads\/2024\/11\/DBR-2022-07-1160x1536.jpeg 1160w, https:\/\/books.saarphila.de\/wp-content\/uploads\/2024\/11\/DBR-2022-07-1200x1589.jpeg 1200w, https:\/\/books.saarphila.de\/wp-content\/uploads\/2024\/11\/DBR-2022-07.jpeg 1530w\" sizes=\"auto, (max-width: 227px) 100vw, 227px\" \/><\/a><figcaption id=\"caption-attachment-245\" class=\"wp-caption-text\">Ausgabe 7\/2022<\/figcaption><\/figure>\n<figure id=\"attachment_246\" aria-describedby=\"caption-attachment-246\" style=\"width: 227px\" class=\"wp-caption aligncenter\"><a href=\"https:\/\/books.saarphila.de\/wp-content\/uploads\/2024\/11\/DBR-2022-08.pdf\" target=\"_blank\" rel=\"noopener\"><img loading=\"lazy\" decoding=\"async\" class=\"wp-image-246 size-medium\" src=\"https:\/\/books.saarphila.de\/wp-content\/uploads\/2024\/11\/DBR-2022-08-227x300.jpeg\" alt=\"\" width=\"227\" height=\"300\" srcset=\"https:\/\/books.saarphila.de\/wp-content\/uploads\/2024\/11\/DBR-2022-08-227x300.jpeg 227w, https:\/\/books.saarphila.de\/wp-content\/uploads\/2024\/11\/DBR-2022-08-773x1024.jpeg 773w, https:\/\/books.saarphila.de\/wp-content\/uploads\/2024\/11\/DBR-2022-08-768x1017.jpeg 768w, https:\/\/books.saarphila.de\/wp-content\/uploads\/2024\/11\/DBR-2022-08-1160x1536.jpeg 1160w, https:\/\/books.saarphila.de\/wp-content\/uploads\/2024\/11\/DBR-2022-08-1200x1589.jpeg 1200w, https:\/\/books.saarphila.de\/wp-content\/uploads\/2024\/11\/DBR-2022-08.jpeg 1530w\" sizes=\"auto, (max-width: 227px) 100vw, 227px\" \/><\/a><figcaption id=\"caption-attachment-246\" class=\"wp-caption-text\">Ausgabe 8\/2022<\/figcaption><\/figure>\n<figure id=\"attachment_247\" aria-describedby=\"caption-attachment-247\" style=\"width: 227px\" class=\"wp-caption aligncenter\"><a href=\"https:\/\/books.saarphila.de\/wp-content\/uploads\/2024\/11\/DBR-2022-09.pdf\" target=\"_blank\" rel=\"noopener\"><img loading=\"lazy\" decoding=\"async\" class=\"wp-image-247 size-medium\" src=\"https:\/\/books.saarphila.de\/wp-content\/uploads\/2024\/11\/DBR-2022-09-227x300.jpeg\" alt=\"\" width=\"227\" height=\"300\" srcset=\"https:\/\/books.saarphila.de\/wp-content\/uploads\/2024\/11\/DBR-2022-09-227x300.jpeg 227w, https:\/\/books.saarphila.de\/wp-content\/uploads\/2024\/11\/DBR-2022-09-773x1024.jpeg 773w, https:\/\/books.saarphila.de\/wp-content\/uploads\/2024\/11\/DBR-2022-09-768x1017.jpeg 768w, https:\/\/books.saarphila.de\/wp-content\/uploads\/2024\/11\/DBR-2022-09-1160x1536.jpeg 1160w, https:\/\/books.saarphila.de\/wp-content\/uploads\/2024\/11\/DBR-2022-09-1200x1589.jpeg 1200w, https:\/\/books.saarphila.de\/wp-content\/uploads\/2024\/11\/DBR-2022-09.jpeg 1530w\" sizes=\"auto, (max-width: 227px) 100vw, 227px\" \/><\/a><figcaption id=\"caption-attachment-247\" class=\"wp-caption-text\">Ausgabe 9\/2022<\/figcaption><\/figure>\n<figure id=\"attachment_248\" aria-describedby=\"caption-attachment-248\" style=\"width: 227px\" class=\"wp-caption aligncenter\"><a href=\"https:\/\/books.saarphila.de\/wp-content\/uploads\/2024\/11\/DBR-2022-10.pdf\" target=\"_blank\" rel=\"noopener\"><img loading=\"lazy\" decoding=\"async\" class=\"wp-image-248 size-medium\" src=\"https:\/\/books.saarphila.de\/wp-content\/uploads\/2024\/11\/DBR-2022-10-227x300.jpeg\" alt=\"\" width=\"227\" height=\"300\" srcset=\"https:\/\/books.saarphila.de\/wp-content\/uploads\/2024\/11\/DBR-2022-10-227x300.jpeg 227w, https:\/\/books.saarphila.de\/wp-content\/uploads\/2024\/11\/DBR-2022-10-773x1024.jpeg 773w, https:\/\/books.saarphila.de\/wp-content\/uploads\/2024\/11\/DBR-2022-10-768x1017.jpeg 768w, https:\/\/books.saarphila.de\/wp-content\/uploads\/2024\/11\/DBR-2022-10-1160x1536.jpeg 1160w, https:\/\/books.saarphila.de\/wp-content\/uploads\/2024\/11\/DBR-2022-10-1200x1589.jpeg 1200w, https:\/\/books.saarphila.de\/wp-content\/uploads\/2024\/11\/DBR-2022-10.jpeg 1530w\" sizes=\"auto, (max-width: 227px) 100vw, 227px\" \/><\/a><figcaption id=\"caption-attachment-248\" class=\"wp-caption-text\">Ausgabe 10\/2022<\/figcaption><\/figure>\n<figure id=\"attachment_249\" aria-describedby=\"caption-attachment-249\" style=\"width: 227px\" class=\"wp-caption aligncenter\"><a href=\"https:\/\/books.saarphila.de\/wp-content\/uploads\/2024\/11\/DBR-2022-11.pdf\" target=\"_blank\" rel=\"noopener\"><img loading=\"lazy\" decoding=\"async\" class=\"wp-image-249 size-medium\" src=\"https:\/\/books.saarphila.de\/wp-content\/uploads\/2024\/11\/DBR-2022-11-227x300.jpeg\" alt=\"\" width=\"227\" height=\"300\" srcset=\"https:\/\/books.saarphila.de\/wp-content\/uploads\/2024\/11\/DBR-2022-11-227x300.jpeg 227w, https:\/\/books.saarphila.de\/wp-content\/uploads\/2024\/11\/DBR-2022-11-773x1024.jpeg 773w, https:\/\/books.saarphila.de\/wp-content\/uploads\/2024\/11\/DBR-2022-11-768x1017.jpeg 768w, https:\/\/books.saarphila.de\/wp-content\/uploads\/2024\/11\/DBR-2022-11-1160x1536.jpeg 1160w, https:\/\/books.saarphila.de\/wp-content\/uploads\/2024\/11\/DBR-2022-11-1200x1589.jpeg 1200w, https:\/\/books.saarphila.de\/wp-content\/uploads\/2024\/11\/DBR-2022-11.jpeg 1530w\" sizes=\"auto, (max-width: 227px) 100vw, 227px\" \/><\/a><figcaption id=\"caption-attachment-249\" class=\"wp-caption-text\">Ausgabe 11\/2022<\/figcaption><\/figure>\n<figure id=\"attachment_250\" aria-describedby=\"caption-attachment-250\" style=\"width: 227px\" class=\"wp-caption aligncenter\"><a href=\"https:\/\/books.saarphila.de\/wp-content\/uploads\/2024\/11\/DBR-2022-12.pdf\" target=\"_blank\" rel=\"noopener\"><img loading=\"lazy\" decoding=\"async\" class=\"wp-image-250 size-medium\" src=\"https:\/\/books.saarphila.de\/wp-content\/uploads\/2024\/11\/DBR-2022-12-227x300.jpeg\" alt=\"\" width=\"227\" height=\"300\" srcset=\"https:\/\/books.saarphila.de\/wp-content\/uploads\/2024\/11\/DBR-2022-12-227x300.jpeg 227w, https:\/\/books.saarphila.de\/wp-content\/uploads\/2024\/11\/DBR-2022-12-773x1024.jpeg 773w, https:\/\/books.saarphila.de\/wp-content\/uploads\/2024\/11\/DBR-2022-12-768x1017.jpeg 768w, https:\/\/books.saarphila.de\/wp-content\/uploads\/2024\/11\/DBR-2022-12-1160x1536.jpeg 1160w, https:\/\/books.saarphila.de\/wp-content\/uploads\/2024\/11\/DBR-2022-12-1200x1589.jpeg 1200w, https:\/\/books.saarphila.de\/wp-content\/uploads\/2024\/11\/DBR-2022-12.jpeg 1530w\" sizes=\"auto, (max-width: 227px) 100vw, 227px\" \/><\/a><figcaption id=\"caption-attachment-250\" class=\"wp-caption-text\">Ausgabe 12\/2022<\/figcaption><\/figure>\n<figure id=\"attachment_251\" aria-describedby=\"caption-attachment-251\" style=\"width: 227px\" class=\"wp-caption aligncenter\"><a href=\"https:\/\/books.saarphila.de\/wp-content\/uploads\/2024\/11\/DBR-2023-01.pdf\" target=\"_blank\" rel=\"noopener\"><img loading=\"lazy\" decoding=\"async\" class=\"wp-image-251 size-medium\" src=\"https:\/\/books.saarphila.de\/wp-content\/uploads\/2024\/11\/DBR-2023-01-227x300.jpeg\" alt=\"\" width=\"227\" height=\"300\" srcset=\"https:\/\/books.saarphila.de\/wp-content\/uploads\/2024\/11\/DBR-2023-01-227x300.jpeg 227w, https:\/\/books.saarphila.de\/wp-content\/uploads\/2024\/11\/DBR-2023-01-773x1024.jpeg 773w, https:\/\/books.saarphila.de\/wp-content\/uploads\/2024\/11\/DBR-2023-01-768x1017.jpeg 768w, https:\/\/books.saarphila.de\/wp-content\/uploads\/2024\/11\/DBR-2023-01-1160x1536.jpeg 1160w, https:\/\/books.saarphila.de\/wp-content\/uploads\/2024\/11\/DBR-2023-01-1200x1589.jpeg 1200w, https:\/\/books.saarphila.de\/wp-content\/uploads\/2024\/11\/DBR-2023-01.jpeg 1530w\" sizes=\"auto, (max-width: 227px) 100vw, 227px\" \/><\/a><figcaption id=\"caption-attachment-251\" class=\"wp-caption-text\">Ausgabe 1\/2023<\/figcaption><\/figure>\n<figure id=\"attachment_252\" aria-describedby=\"caption-attachment-252\" style=\"width: 227px\" class=\"wp-caption aligncenter\"><a href=\"https:\/\/books.saarphila.de\/wp-content\/uploads\/2024\/11\/DBR-2023-02.pdf\" target=\"_blank\" rel=\"noopener\"><img loading=\"lazy\" decoding=\"async\" class=\"wp-image-252 size-medium\" src=\"https:\/\/books.saarphila.de\/wp-content\/uploads\/2024\/11\/DBR-2023-02-227x300.jpeg\" alt=\"\" width=\"227\" height=\"300\" srcset=\"https:\/\/books.saarphila.de\/wp-content\/uploads\/2024\/11\/DBR-2023-02-227x300.jpeg 227w, https:\/\/books.saarphila.de\/wp-content\/uploads\/2024\/11\/DBR-2023-02-773x1024.jpeg 773w, https:\/\/books.saarphila.de\/wp-content\/uploads\/2024\/11\/DBR-2023-02-768x1017.jpeg 768w, https:\/\/books.saarphila.de\/wp-content\/uploads\/2024\/11\/DBR-2023-02-1160x1536.jpeg 1160w, https:\/\/books.saarphila.de\/wp-content\/uploads\/2024\/11\/DBR-2023-02-1200x1589.jpeg 1200w, https:\/\/books.saarphila.de\/wp-content\/uploads\/2024\/11\/DBR-2023-02.jpeg 1530w\" sizes=\"auto, (max-width: 227px) 100vw, 227px\" \/><\/a><figcaption id=\"caption-attachment-252\" class=\"wp-caption-text\">Ausgabe 2\/2023<\/figcaption><\/figure>\n<figure id=\"attachment_253\" aria-describedby=\"caption-attachment-253\" style=\"width: 227px\" class=\"wp-caption aligncenter\"><a href=\"https:\/\/books.saarphila.de\/wp-content\/uploads\/2024\/11\/DBR-2023-03.pdf\" target=\"_blank\" rel=\"noopener\"><img loading=\"lazy\" decoding=\"async\" class=\"wp-image-253 size-medium\" src=\"https:\/\/books.saarphila.de\/wp-content\/uploads\/2024\/11\/DBR-2023-03-227x300.jpeg\" alt=\"\" width=\"227\" height=\"300\" srcset=\"https:\/\/books.saarphila.de\/wp-content\/uploads\/2024\/11\/DBR-2023-03-227x300.jpeg 227w, https:\/\/books.saarphila.de\/wp-content\/uploads\/2024\/11\/DBR-2023-03-773x1024.jpeg 773w, https:\/\/books.saarphila.de\/wp-content\/uploads\/2024\/11\/DBR-2023-03-768x1017.jpeg 768w, https:\/\/books.saarphila.de\/wp-content\/uploads\/2024\/11\/DBR-2023-03-1160x1536.jpeg 1160w, https:\/\/books.saarphila.de\/wp-content\/uploads\/2024\/11\/DBR-2023-03-1200x1589.jpeg 1200w, https:\/\/books.saarphila.de\/wp-content\/uploads\/2024\/11\/DBR-2023-03.jpeg 1530w\" sizes=\"auto, (max-width: 227px) 100vw, 227px\" \/><\/a><figcaption id=\"caption-attachment-253\" class=\"wp-caption-text\">Ausgabe 3\/2023<\/figcaption><\/figure>\n<figure id=\"attachment_254\" aria-describedby=\"caption-attachment-254\" style=\"width: 227px\" class=\"wp-caption aligncenter\"><a href=\"https:\/\/books.saarphila.de\/wp-content\/uploads\/2024\/11\/DBR-2023-04.pdf\" target=\"_blank\" rel=\"noopener\"><img loading=\"lazy\" decoding=\"async\" class=\"wp-image-254 size-medium\" src=\"https:\/\/books.saarphila.de\/wp-content\/uploads\/2024\/11\/DBR-2023-04-227x300.jpeg\" alt=\"\" width=\"227\" height=\"300\" srcset=\"https:\/\/books.saarphila.de\/wp-content\/uploads\/2024\/11\/DBR-2023-04-227x300.jpeg 227w, https:\/\/books.saarphila.de\/wp-content\/uploads\/2024\/11\/DBR-2023-04-773x1024.jpeg 773w, https:\/\/books.saarphila.de\/wp-content\/uploads\/2024\/11\/DBR-2023-04-768x1017.jpeg 768w, https:\/\/books.saarphila.de\/wp-content\/uploads\/2024\/11\/DBR-2023-04-1160x1536.jpeg 1160w, https:\/\/books.saarphila.de\/wp-content\/uploads\/2024\/11\/DBR-2023-04-1200x1589.jpeg 1200w, https:\/\/books.saarphila.de\/wp-content\/uploads\/2024\/11\/DBR-2023-04.jpeg 1530w\" sizes=\"auto, (max-width: 227px) 100vw, 227px\" \/><\/a><figcaption id=\"caption-attachment-254\" class=\"wp-caption-text\">Ausgabe 4\/2023<\/figcaption><\/figure>\n<figure id=\"attachment_255\" aria-describedby=\"caption-attachment-255\" style=\"width: 227px\" class=\"wp-caption aligncenter\"><a href=\"https:\/\/books.saarphila.de\/wp-content\/uploads\/2024\/11\/DBR-2023-05.pdf\" target=\"_blank\" rel=\"noopener\"><img loading=\"lazy\" decoding=\"async\" class=\"wp-image-255 size-medium\" src=\"https:\/\/books.saarphila.de\/wp-content\/uploads\/2024\/11\/DBR-2023-05-227x300.jpeg\" alt=\"\" width=\"227\" height=\"300\" srcset=\"https:\/\/books.saarphila.de\/wp-content\/uploads\/2024\/11\/DBR-2023-05-227x300.jpeg 227w, https:\/\/books.saarphila.de\/wp-content\/uploads\/2024\/11\/DBR-2023-05-773x1024.jpeg 773w, https:\/\/books.saarphila.de\/wp-content\/uploads\/2024\/11\/DBR-2023-05-768x1017.jpeg 768w, https:\/\/books.saarphila.de\/wp-content\/uploads\/2024\/11\/DBR-2023-05-1160x1536.jpeg 1160w, https:\/\/books.saarphila.de\/wp-content\/uploads\/2024\/11\/DBR-2023-05-1200x1589.jpeg 1200w, https:\/\/books.saarphila.de\/wp-content\/uploads\/2024\/11\/DBR-2023-05.jpeg 1530w\" sizes=\"auto, (max-width: 227px) 100vw, 227px\" \/><\/a><figcaption id=\"caption-attachment-255\" class=\"wp-caption-text\">Ausgabe 5\/2023<\/figcaption><\/figure>\n<figure id=\"attachment_256\" aria-describedby=\"caption-attachment-256\" style=\"width: 227px\" class=\"wp-caption aligncenter\"><a href=\"https:\/\/books.saarphila.de\/wp-content\/uploads\/2024\/11\/DBR-2023-06.pdf\" target=\"_blank\" rel=\"noopener\"><img loading=\"lazy\" decoding=\"async\" class=\"wp-image-256 size-medium\" src=\"https:\/\/books.saarphila.de\/wp-content\/uploads\/2024\/11\/DBR-2023-06-227x300.jpeg\" alt=\"\" width=\"227\" height=\"300\" srcset=\"https:\/\/books.saarphila.de\/wp-content\/uploads\/2024\/11\/DBR-2023-06-227x300.jpeg 227w, https:\/\/books.saarphila.de\/wp-content\/uploads\/2024\/11\/DBR-2023-06-773x1024.jpeg 773w, https:\/\/books.saarphila.de\/wp-content\/uploads\/2024\/11\/DBR-2023-06-768x1017.jpeg 768w, https:\/\/books.saarphila.de\/wp-content\/uploads\/2024\/11\/DBR-2023-06-1160x1536.jpeg 1160w, https:\/\/books.saarphila.de\/wp-content\/uploads\/2024\/11\/DBR-2023-06-1200x1589.jpeg 1200w, https:\/\/books.saarphila.de\/wp-content\/uploads\/2024\/11\/DBR-2023-06.jpeg 1530w\" sizes=\"auto, (max-width: 227px) 100vw, 227px\" \/><\/a><figcaption id=\"caption-attachment-256\" class=\"wp-caption-text\">Ausgabe 6\/2023<\/figcaption><\/figure>\n<figure id=\"attachment_257\" aria-describedby=\"caption-attachment-257\" style=\"width: 227px\" class=\"wp-caption aligncenter\"><a href=\"https:\/\/books.saarphila.de\/wp-content\/uploads\/2024\/11\/DBR-2023-07.pdf\" target=\"_blank\" rel=\"noopener\"><img loading=\"lazy\" decoding=\"async\" class=\"wp-image-257 size-medium\" src=\"https:\/\/books.saarphila.de\/wp-content\/uploads\/2024\/11\/DBR-2023-07-227x300.jpeg\" alt=\"\" width=\"227\" height=\"300\" srcset=\"https:\/\/books.saarphila.de\/wp-content\/uploads\/2024\/11\/DBR-2023-07-227x300.jpeg 227w, https:\/\/books.saarphila.de\/wp-content\/uploads\/2024\/11\/DBR-2023-07-773x1024.jpeg 773w, https:\/\/books.saarphila.de\/wp-content\/uploads\/2024\/11\/DBR-2023-07-768x1017.jpeg 768w, https:\/\/books.saarphila.de\/wp-content\/uploads\/2024\/11\/DBR-2023-07-1160x1536.jpeg 1160w, https:\/\/books.saarphila.de\/wp-content\/uploads\/2024\/11\/DBR-2023-07-1200x1589.jpeg 1200w, https:\/\/books.saarphila.de\/wp-content\/uploads\/2024\/11\/DBR-2023-07.jpeg 1530w\" sizes=\"auto, (max-width: 227px) 100vw, 227px\" \/><\/a><figcaption id=\"caption-attachment-257\" class=\"wp-caption-text\">Ausgabe 7\/2023<\/figcaption><\/figure>\n<figure id=\"attachment_258\" aria-describedby=\"caption-attachment-258\" style=\"width: 227px\" class=\"wp-caption aligncenter\"><a href=\"https:\/\/books.saarphila.de\/wp-content\/uploads\/2024\/11\/DBR-2023-08.pdf\" target=\"_blank\" rel=\"noopener\"><img loading=\"lazy\" decoding=\"async\" class=\"wp-image-258 size-medium\" src=\"https:\/\/books.saarphila.de\/wp-content\/uploads\/2024\/11\/DBR-2023-08-227x300.jpeg\" alt=\"\" width=\"227\" height=\"300\" srcset=\"https:\/\/books.saarphila.de\/wp-content\/uploads\/2024\/11\/DBR-2023-08-227x300.jpeg 227w, https:\/\/books.saarphila.de\/wp-content\/uploads\/2024\/11\/DBR-2023-08-773x1024.jpeg 773w, https:\/\/books.saarphila.de\/wp-content\/uploads\/2024\/11\/DBR-2023-08-768x1017.jpeg 768w, https:\/\/books.saarphila.de\/wp-content\/uploads\/2024\/11\/DBR-2023-08-1160x1536.jpeg 1160w, https:\/\/books.saarphila.de\/wp-content\/uploads\/2024\/11\/DBR-2023-08-1200x1589.jpeg 1200w, https:\/\/books.saarphila.de\/wp-content\/uploads\/2024\/11\/DBR-2023-08.jpeg 1530w\" sizes=\"auto, (max-width: 227px) 100vw, 227px\" \/><\/a><figcaption id=\"caption-attachment-258\" class=\"wp-caption-text\">Ausgabe 8\/2023<\/figcaption><\/figure>\n<p>#saarphila #saarphilatelie<\/p>\n","protected":false},"excerpt":{"rendered":"<p>Mit dieser Artikelserie habe ich 2022\/23 den Lesern der Deutschen Briefmarken-Revue das faszinierende Sammelgebiet \u2039Feldmerkmale der SAAR I\u203a vorgestellt. Mehr als 420 Feldmerkmale, wiederkehrende Feldmerkmale sowie Reihenmerkmale werden in 20 Beitr\u00e4gen besprochen und abgebildet. Das sind weitaus mehr, als in den MICHEL\u00ae-Katalogen als \u2039Plattenfehler\u203a (sic!) aufgef\u00fchrt sind. Jeder Artikel beleuchtet neben den Feldmerkmalen jeweils einen&hellip;<\/p>\n","protected":false},"author":2,"featured_media":0,"parent":112,"menu_order":0,"comment_status":"closed","ping_status":"closed","template":"","meta":{"footnotes":""},"class_list":["post-230","page","type-page","status-publish","hentry"],"_links":{"self":[{"href":"https:\/\/books.saarphila.de\/index.php?rest_route=\/wp\/v2\/pages\/230","targetHints":{"allow":["GET"]}}],"collection":[{"href":"https:\/\/books.saarphila.de\/index.php?rest_route=\/wp\/v2\/pages"}],"about":[{"href":"https:\/\/books.saarphila.de\/index.php?rest_route=\/wp\/v2\/types\/page"}],"author":[{"embeddable":true,"href":"https:\/\/books.saarphila.de\/index.php?rest_route=\/wp\/v2\/users\/2"}],"replies":[{"embeddable":true,"href":"https:\/\/books.saarphila.de\/index.php?rest_route=%2Fwp%2Fv2%2Fcomments&post=230"}],"version-history":[{"count":0,"href":"https:\/\/books.saarphila.de\/index.php?rest_route=\/wp\/v2\/pages\/230\/revisions"}],"up":[{"embeddable":true,"href":"https:\/\/books.saarphila.de\/index.php?rest_route=\/wp\/v2\/pages\/112"}],"wp:attachment":[{"href":"https:\/\/books.saarphila.de\/index.php?rest_route=%2Fwp%2Fv2%2Fmedia&parent=230"}],"curies":[{"name":"wp","href":"https:\/\/api.w.org\/{rel}","templated":true}]}}