{"id":325,"date":"2026-02-20T11:47:29","date_gmt":"2026-02-20T10:47:29","guid":{"rendered":"https:\/\/books.saarphila.de\/?page_id=325"},"modified":"2026-03-07T09:12:22","modified_gmt":"2026-03-07T08:12:22","slug":"feldmerkmale-saar-i-nach-michel","status":"publish","type":"page","link":"https:\/\/books.saarphila.de\/?page_id=325","title":{"rendered":"Feldmerkmale SAAR I nach MICHEL\u00ae"},"content":{"rendered":"<h5><span style=\"color: #1e73be;\">Saarphila<\/span> <span style=\"color: #f27200;\">Ratgeber<\/span><\/h5>\n<p>MICHEL<sup>\u00ae <\/sup>Briefmarkenkataloge sind in Deutschland sehr weit verbreitet und gelten als Referenzwerk. Die Kataloge sind jedoch nicht fehlerfrei und leider in den Unternummern auch nicht durchgehend illustriert. F\u00fcr die im aktuellen MICHEL<sup>\u00ae<\/sup> Deutschland Spezial, resp. Saar Spezial-Katalog aufgef\u00fchrten Feldmerkmale der SAAR I ist diese preiswerte Brosch\u00fcre daher die optimale Erg\u00e4nzung.\u00a0Auf 38 Seiten werden von mir s\u00e4mtliche in den genannten Katalogen aufgef\u00fchrten Feldmerkmale illustriert und korrekt beschrieben.<\/p>\n<figure id=\"attachment_329\" aria-describedby=\"caption-attachment-329\" style=\"width: 193px\" class=\"wp-caption alignnone\"><a href=\"https:\/\/books.saarphila.de\/?attachment_id=329\"><img loading=\"lazy\" decoding=\"async\" class=\"wp-image-329 size-medium\" src=\"https:\/\/books.saarphila.de\/wp-content\/uploads\/2026\/02\/Broschuere-Titelblatt-193x300.jpeg\" alt=\"\" width=\"193\" height=\"300\" srcset=\"https:\/\/books.saarphila.de\/wp-content\/uploads\/2026\/02\/Broschuere-Titelblatt-193x300.jpeg 193w, https:\/\/books.saarphila.de\/wp-content\/uploads\/2026\/02\/Broschuere-Titelblatt-659x1024.jpeg 659w, https:\/\/books.saarphila.de\/wp-content\/uploads\/2026\/02\/Broschuere-Titelblatt-768x1194.jpeg 768w, https:\/\/books.saarphila.de\/wp-content\/uploads\/2026\/02\/Broschuere-Titelblatt-988x1536.jpeg 988w, https:\/\/books.saarphila.de\/wp-content\/uploads\/2026\/02\/Broschuere-Titelblatt-1317x2048.jpeg 1317w, https:\/\/books.saarphila.de\/wp-content\/uploads\/2026\/02\/Broschuere-Titelblatt-1200x1866.jpeg 1200w, https:\/\/books.saarphila.de\/wp-content\/uploads\/2026\/02\/Broschuere-Titelblatt.jpeg 1402w\" sizes=\"auto, (max-width: 193px) 100vw, 193px\" \/><\/a><figcaption id=\"caption-attachment-329\" class=\"wp-caption-text\">Titelbild<\/figcaption><\/figure>\n<figure id=\"attachment_339\" aria-describedby=\"caption-attachment-339\" style=\"width: 215px\" class=\"wp-caption alignnone\"><a href=\"https:\/\/books.saarphila.de\/?attachment_id=339\"><img loading=\"lazy\" decoding=\"async\" class=\"wp-image-339 size-medium\" src=\"https:\/\/books.saarphila.de\/wp-content\/uploads\/2026\/02\/Beispielseite-215x300.jpeg\" alt=\"\" width=\"215\" height=\"300\" srcset=\"https:\/\/books.saarphila.de\/wp-content\/uploads\/2026\/02\/Beispielseite-215x300.jpeg 215w, https:\/\/books.saarphila.de\/wp-content\/uploads\/2026\/02\/Beispielseite-735x1024.jpeg 735w, https:\/\/books.saarphila.de\/wp-content\/uploads\/2026\/02\/Beispielseite-768x1070.jpeg 768w, https:\/\/books.saarphila.de\/wp-content\/uploads\/2026\/02\/Beispielseite-1102x1536.jpeg 1102w, https:\/\/books.saarphila.de\/wp-content\/uploads\/2026\/02\/Beispielseite-1469x2048.jpeg 1469w, https:\/\/books.saarphila.de\/wp-content\/uploads\/2026\/02\/Beispielseite-1200x1673.jpeg 1200w, https:\/\/books.saarphila.de\/wp-content\/uploads\/2026\/02\/Beispielseite.jpeg 1564w\" sizes=\"auto, (max-width: 215px) 100vw, 215px\" \/><\/a><figcaption id=\"caption-attachment-339\" class=\"wp-caption-text\">Beispielseite<\/figcaption><\/figure>\n<p>\u2039Feldmerkmale SAAR I nach MICHEL<sup>\u00ae<\/sup>\u203a wird im Mitteilungsblatt der ArGe Saar Nr. 64 vom Februar 2026 \u00a0erw\u00e4hnt und steht auf der Liste \u2039Fachliteratur der ArGe Saar\u203a.<\/p>\n<p>Die PDF-Brosch\u00fcre ist gegen eine Schutzgeb\u00fchr von \u20ac5 \u00fcber mich zu beziehen.<\/p>\n<p>____________________<\/p>\n<p>\ud83c\uddec\ud83c\udde7 <strong>In a nutshell<\/strong>: MICHEL<sup>\u00ae <\/sup>catalogues are hugely popular in Germany, but not free from errors and not illustrated throughout. This inexpensive brochure is the perfect supplement for the current MICHEL<sup>\u00ae <\/sup>stamp catalogues.<br \/>\nOn 38 pages all listed flaws\/varieties are illustrated and described correctly. The brochure figures on the list of literature of the Philatelic Study Group Saar.<br \/>\nYou may order this brochure (PDF) against a token-fee of \u20ac5.<\/p>\n<p>\ud83c\uddeb\ud83c\uddf7 <strong>En bref<\/strong>: Les catalogues de timbres MICHEL<sup>\u00ae<\/sup> sont tr\u00e8s populaires en Allemagne. Cependant, ces catalogues ne sont pas exempts d&#8217;erreurs et ne sont pas enti\u00e8rement illustr\u00e9s. Cette brochure peu co\u00fbteuse est le compl\u00e9ment id\u00e9al pour toutes les erreurs\/vari\u00e9t\u00e9s r\u00e9pertori\u00e9es de la SAAR I.<br \/>\nSur 38 pages, tous les d\u00e9fauts\/vari\u00e9t\u00e9s sont illustr\u00e9s et d\u00e9crits correctement. La brochure figurent dans la liste des publications du groupe d&#8217;\u00e9tude philat\u00e9lique de la Sarre.<br \/>\nVous pouvez commander cette brochure (PDF) moyennant une participation symbolique de 5 \u20ac.<\/p>\n<p><span style=\"color: #333333;\">#saarphila #saarphilatelie<\/span><\/p>\n","protected":false},"excerpt":{"rendered":"<p>Saarphila Ratgeber MICHEL\u00ae Briefmarkenkataloge sind in Deutschland sehr weit verbreitet und gelten als Referenzwerk. Die Kataloge sind jedoch nicht fehlerfrei und leider in den Unternummern auch nicht durchgehend illustriert. F\u00fcr die im aktuellen MICHEL\u00ae Deutschland Spezial, resp. Saar Spezial-Katalog aufgef\u00fchrten Feldmerkmale der SAAR I ist diese preiswerte Brosch\u00fcre daher die optimale Erg\u00e4nzung.\u00a0Auf 38 Seiten werden&hellip;<\/p>\n","protected":false},"author":2,"featured_media":0,"parent":215,"menu_order":0,"comment_status":"closed","ping_status":"closed","template":"","meta":{"footnotes":""},"class_list":["post-325","page","type-page","status-publish","hentry"],"_links":{"self":[{"href":"https:\/\/books.saarphila.de\/index.php?rest_route=\/wp\/v2\/pages\/325","targetHints":{"allow":["GET"]}}],"collection":[{"href":"https:\/\/books.saarphila.de\/index.php?rest_route=\/wp\/v2\/pages"}],"about":[{"href":"https:\/\/books.saarphila.de\/index.php?rest_route=\/wp\/v2\/types\/page"}],"author":[{"embeddable":true,"href":"https:\/\/books.saarphila.de\/index.php?rest_route=\/wp\/v2\/users\/2"}],"replies":[{"embeddable":true,"href":"https:\/\/books.saarphila.de\/index.php?rest_route=%2Fwp%2Fv2%2Fcomments&post=325"}],"version-history":[{"count":0,"href":"https:\/\/books.saarphila.de\/index.php?rest_route=\/wp\/v2\/pages\/325\/revisions"}],"up":[{"embeddable":true,"href":"https:\/\/books.saarphila.de\/index.php?rest_route=\/wp\/v2\/pages\/215"}],"wp:attachment":[{"href":"https:\/\/books.saarphila.de\/index.php?rest_route=%2Fwp%2Fv2%2Fmedia&parent=325"}],"curies":[{"name":"wp","href":"https:\/\/api.w.org\/{rel}","templated":true}]}}