{"id":409,"date":"2026-02-21T16:00:55","date_gmt":"2026-02-21T15:00:55","guid":{"rendered":"https:\/\/books.saarphila.de\/?page_id=409"},"modified":"2026-03-06T12:32:36","modified_gmt":"2026-03-06T11:32:36","slug":"mb-60-juni-2021","status":"publish","type":"page","link":"https:\/\/books.saarphila.de\/?page_id=409","title":{"rendered":"MB 60 &#8211; Juni 2021"},"content":{"rendered":"<h5>\u2039Ein r\u00e4tselhafter Beleg\u203a<\/h5>\n<p><a href=\"https:\/\/books.saarphila.de\/?attachment_id=413\" target=\"_blank\" rel=\"noopener\"><img loading=\"lazy\" decoding=\"async\" class=\"aligncenter wp-image-407 size-large\" src=\"https:\/\/books.saarphila.de\/wp-content\/uploads\/2026\/02\/MB-60-Titelseite-719x1024.jpeg\" alt=\"\" width=\"580\" height=\"826\" srcset=\"https:\/\/books.saarphila.de\/wp-content\/uploads\/2026\/02\/MB-60-Titelseite-719x1024.jpeg 719w, https:\/\/books.saarphila.de\/wp-content\/uploads\/2026\/02\/MB-60-Titelseite-211x300.jpeg 211w, https:\/\/books.saarphila.de\/wp-content\/uploads\/2026\/02\/MB-60-Titelseite-768x1093.jpeg 768w, https:\/\/books.saarphila.de\/wp-content\/uploads\/2026\/02\/MB-60-Titelseite-1079x1536.jpeg 1079w, https:\/\/books.saarphila.de\/wp-content\/uploads\/2026\/02\/MB-60-Titelseite-1439x2048.jpeg 1439w, https:\/\/books.saarphila.de\/wp-content\/uploads\/2026\/02\/MB-60-Titelseite-1200x1708.jpeg 1200w, https:\/\/books.saarphila.de\/wp-content\/uploads\/2026\/02\/MB-60-Titelseite-1980x2818.jpeg 1980w, https:\/\/books.saarphila.de\/wp-content\/uploads\/2026\/02\/MB-60-Titelseite-scaled.jpeg 1799w\" sizes=\"auto, (max-width: 580px) 100vw, 580px\" \/><\/a><\/p>\n<p>In meinem Beitrag stelle ich einen sehr r\u00e4tselhaften Beleg vor, der mehr Fragen aufwirft, als er beantwortet.<\/p>\n<p>Torsten Berndt hat das Mitteilungsblatt und meinen Beitrag in der Deutschen Briefmarken Zeitung, Ausgabe 18\/2021 besprochen.<\/p>\n<figure id=\"attachment_415\" aria-describedby=\"caption-attachment-415\" style=\"width: 221px\" class=\"wp-caption aligncenter\"><a href=\"https:\/\/books.saarphila.de\/?attachment_id=414\" target=\"_blank\" rel=\"noopener\"><img loading=\"lazy\" decoding=\"async\" class=\"wp-image-415 size-medium\" src=\"https:\/\/books.saarphila.de\/wp-content\/uploads\/2026\/02\/Rezension-DBZ-2021-18-221x300.jpeg\" alt=\"\" width=\"221\" height=\"300\" srcset=\"https:\/\/books.saarphila.de\/wp-content\/uploads\/2026\/02\/Rezension-DBZ-2021-18-221x300.jpeg 221w, https:\/\/books.saarphila.de\/wp-content\/uploads\/2026\/02\/Rezension-DBZ-2021-18-754x1024.jpeg 754w, https:\/\/books.saarphila.de\/wp-content\/uploads\/2026\/02\/Rezension-DBZ-2021-18-768x1042.jpeg 768w, https:\/\/books.saarphila.de\/wp-content\/uploads\/2026\/02\/Rezension-DBZ-2021-18-1132x1536.jpeg 1132w, https:\/\/books.saarphila.de\/wp-content\/uploads\/2026\/02\/Rezension-DBZ-2021-18-1509x2048.jpeg 1509w, https:\/\/books.saarphila.de\/wp-content\/uploads\/2026\/02\/Rezension-DBZ-2021-18-1200x1629.jpeg 1200w, https:\/\/books.saarphila.de\/wp-content\/uploads\/2026\/02\/Rezension-DBZ-2021-18-1980x2688.jpeg 1980w, https:\/\/books.saarphila.de\/wp-content\/uploads\/2026\/02\/Rezension-DBZ-2021-18-scaled.jpeg 1886w\" sizes=\"auto, (max-width: 221px) 100vw, 221px\" \/><\/a><figcaption id=\"caption-attachment-415\" class=\"wp-caption-text\">Click to view<\/figcaption><\/figure>\n<p>____________________<\/p>\n<p><img decoding=\"async\" class=\"emoji\" role=\"img\" draggable=\"false\" src=\"https:\/\/s.w.org\/images\/core\/emoji\/17.0.2\/svg\/1f1ec-1f1e7.svg\" alt=\"\ud83c\uddec\ud83c\udde7\" \/> <strong>In a nutshell<\/strong>: In my article, I present a very enigmatic stampless cover that offers more questions than answers.<br \/>\nClick on the cover to access the article (PDF, in German).<\/p>\n<p><img decoding=\"async\" class=\"emoji\" role=\"img\" draggable=\"false\" src=\"https:\/\/s.w.org\/images\/core\/emoji\/17.0.2\/svg\/1f1eb-1f1f7.svg\" alt=\"\ud83c\uddeb\ud83c\uddf7\" \/> <strong>En bref<\/strong>:<\/p>\n<p>Dans mon article, je pr\u00e9sente une enveloppe sans timbre tr\u00e8s \u00e9nigmatique qui soul\u00e8ve plus de questions qu&#8217;elle n&#8217;apporte de r\u00e9ponses.<br \/>\nCliquez sur la couverture pour acc\u00e9der \u00e0 l&#8217;article (PDF, en allemand).<\/p>\n<p>#saarphila #saarphilatelie<\/p>\n","protected":false},"excerpt":{"rendered":"<p>\u2039Ein r\u00e4tselhafter Beleg\u203a In meinem Beitrag stelle ich einen sehr r\u00e4tselhaften Beleg vor, der mehr Fragen aufwirft, als er beantwortet. Torsten Berndt hat das Mitteilungsblatt und meinen Beitrag in der Deutschen Briefmarken Zeitung, Ausgabe 18\/2021 besprochen. ____________________ In a nutshell: In my article, I present a very enigmatic stampless cover that offers more questions than&hellip;<\/p>\n","protected":false},"author":2,"featured_media":0,"parent":116,"menu_order":0,"comment_status":"closed","ping_status":"closed","template":"","meta":{"footnotes":""},"class_list":["post-409","page","type-page","status-publish","hentry"],"_links":{"self":[{"href":"https:\/\/books.saarphila.de\/index.php?rest_route=\/wp\/v2\/pages\/409","targetHints":{"allow":["GET"]}}],"collection":[{"href":"https:\/\/books.saarphila.de\/index.php?rest_route=\/wp\/v2\/pages"}],"about":[{"href":"https:\/\/books.saarphila.de\/index.php?rest_route=\/wp\/v2\/types\/page"}],"author":[{"embeddable":true,"href":"https:\/\/books.saarphila.de\/index.php?rest_route=\/wp\/v2\/users\/2"}],"replies":[{"embeddable":true,"href":"https:\/\/books.saarphila.de\/index.php?rest_route=%2Fwp%2Fv2%2Fcomments&post=409"}],"version-history":[{"count":0,"href":"https:\/\/books.saarphila.de\/index.php?rest_route=\/wp\/v2\/pages\/409\/revisions"}],"up":[{"embeddable":true,"href":"https:\/\/books.saarphila.de\/index.php?rest_route=\/wp\/v2\/pages\/116"}],"wp:attachment":[{"href":"https:\/\/books.saarphila.de\/index.php?rest_route=%2Fwp%2Fv2%2Fmedia&parent=409"}],"curies":[{"name":"wp","href":"https:\/\/api.w.org\/{rel}","templated":true}]}}