{"id":440,"date":"2026-03-06T12:22:43","date_gmt":"2026-03-06T11:22:43","guid":{"rendered":"https:\/\/books.saarphila.de\/?page_id=440"},"modified":"2026-03-07T09:11:50","modified_gmt":"2026-03-07T08:11:50","slug":"bibliografie-zur-saarlandphilatelie","status":"publish","type":"page","link":"https:\/\/books.saarphila.de\/?page_id=440","title":{"rendered":"Bibliografie zur Saarlandphilatelie"},"content":{"rendered":"<h5><span style=\"color: #1e73be;\">Saarphila<\/span> <span style=\"color: #f27200;\">Ratgeber<\/span><\/h5>\n<p>Otto-Normal-Sammler ben\u00f6tigt einen oder zwei gute Briefmarken-Kataloge, welche er in regelm\u00e4ssigen Abst\u00e4nden erneuert. Philatelisten ben\u00f6tigen dagegen mehr und meist speziellere Literatur, denn \u00abLiteratur und Forschung sind die fundamentalen S\u00e4ulen der Philatelie.\u00bb<\/p>\n<p>Die vorliegenden Bibliografie gibt einen guten \u00dcberblick \u00fcber die aktuell vorliegende Literatur zur Saarlandphilatelie. F\u00fcr die Eintr\u00e4ge war die Relevanz der Titel massgebend. Eine wie auch immer geartete Vollst\u00e4ndigkeit wird nicht angestrebt, noch ist dies eine reelle Zielvorgabe f\u00fcr eine Bibliografie.<\/p>\n<p>Diese Brosch\u00fcre deckt die Saarlandphilatelie ab. Ich verwende diesen Begriff bewusst in Abgrenzung zum abgeschlossenen Sammelgebiet \u2039Saargebiet 1920-1935\u203a. Der Begriff Saarlandphilatelie umfasst alle Briefmarken und Ganzsachen, die nach 1945 entweder<\/p>\n<ul>\n<li>f\u00fcr das Saarland<\/li>\n<li>von der Post- und Telegraphenverwaltung des Saarlandes<\/li>\n<li>von saarriva<\/li>\n<\/ul>\n<p>ausgegeben wurden. Dar\u00fcber hinaus umfasst der Begriff aus jene nach 1945 von Postanstalten ausgegebenen Marken und Ganzsachen, die aufgrund des Bildmotivs oder der Thematik einen Bezug zum Saarland haben.<\/p>\n<figure id=\"attachment_438\" aria-describedby=\"caption-attachment-438\" style=\"width: 212px\" class=\"wp-caption alignnone\"><a href=\"https:\/\/books.saarphila.de\/?attachment_id=438\"><img loading=\"lazy\" decoding=\"async\" class=\"wp-image-438 size-medium\" src=\"https:\/\/books.saarphila.de\/wp-content\/uploads\/2026\/03\/Titelbild-212x300.jpeg\" alt=\"\" width=\"212\" height=\"300\" srcset=\"https:\/\/books.saarphila.de\/wp-content\/uploads\/2026\/03\/Titelbild-212x300.jpeg 212w, https:\/\/books.saarphila.de\/wp-content\/uploads\/2026\/03\/Titelbild-724x1024.jpeg 724w, https:\/\/books.saarphila.de\/wp-content\/uploads\/2026\/03\/Titelbild-768x1086.jpeg 768w, https:\/\/books.saarphila.de\/wp-content\/uploads\/2026\/03\/Titelbild-1086x1536.jpeg 1086w, https:\/\/books.saarphila.de\/wp-content\/uploads\/2026\/03\/Titelbild-1448x2048.jpeg 1448w, https:\/\/books.saarphila.de\/wp-content\/uploads\/2026\/03\/Titelbild-1200x1697.jpeg 1200w, https:\/\/books.saarphila.de\/wp-content\/uploads\/2026\/03\/Titelbild.jpeg 1568w\" sizes=\"auto, (max-width: 212px) 100vw, 212px\" \/><\/a><figcaption id=\"caption-attachment-438\" class=\"wp-caption-text\">Titelbild<\/figcaption><\/figure>\n<figure id=\"attachment_442\" aria-describedby=\"caption-attachment-442\" style=\"width: 212px\" class=\"wp-caption alignnone\"><a href=\"https:\/\/books.saarphila.de\/?attachment_id=442\"><img loading=\"lazy\" decoding=\"async\" class=\"wp-image-442 size-medium\" src=\"https:\/\/books.saarphila.de\/wp-content\/uploads\/2026\/03\/Inhaltsverzeichnis-212x300.jpeg\" alt=\"\" width=\"212\" height=\"300\" srcset=\"https:\/\/books.saarphila.de\/wp-content\/uploads\/2026\/03\/Inhaltsverzeichnis-212x300.jpeg 212w, https:\/\/books.saarphila.de\/wp-content\/uploads\/2026\/03\/Inhaltsverzeichnis-724x1024.jpeg 724w, https:\/\/books.saarphila.de\/wp-content\/uploads\/2026\/03\/Inhaltsverzeichnis-768x1086.jpeg 768w, https:\/\/books.saarphila.de\/wp-content\/uploads\/2026\/03\/Inhaltsverzeichnis-1086x1536.jpeg 1086w, https:\/\/books.saarphila.de\/wp-content\/uploads\/2026\/03\/Inhaltsverzeichnis-1448x2048.jpeg 1448w, https:\/\/books.saarphila.de\/wp-content\/uploads\/2026\/03\/Inhaltsverzeichnis-1200x1697.jpeg 1200w, https:\/\/books.saarphila.de\/wp-content\/uploads\/2026\/03\/Inhaltsverzeichnis.jpeg 1568w\" sizes=\"auto, (max-width: 212px) 100vw, 212px\" \/><\/a><figcaption id=\"caption-attachment-442\" class=\"wp-caption-text\">Inhaltsverzeichnis<\/figcaption><\/figure>\n<figure id=\"attachment_443\" aria-describedby=\"caption-attachment-443\" style=\"width: 212px\" class=\"wp-caption alignnone\"><a href=\"https:\/\/books.saarphila.de\/?attachment_id=443\"><img loading=\"lazy\" decoding=\"async\" class=\"wp-image-443 size-medium\" src=\"https:\/\/books.saarphila.de\/wp-content\/uploads\/2026\/03\/Beispiel-212x300.jpeg\" alt=\"\" width=\"212\" height=\"300\" srcset=\"https:\/\/books.saarphila.de\/wp-content\/uploads\/2026\/03\/Beispiel-212x300.jpeg 212w, https:\/\/books.saarphila.de\/wp-content\/uploads\/2026\/03\/Beispiel-724x1024.jpeg 724w, https:\/\/books.saarphila.de\/wp-content\/uploads\/2026\/03\/Beispiel-768x1086.jpeg 768w, https:\/\/books.saarphila.de\/wp-content\/uploads\/2026\/03\/Beispiel-1086x1536.jpeg 1086w, https:\/\/books.saarphila.de\/wp-content\/uploads\/2026\/03\/Beispiel-1448x2048.jpeg 1448w, https:\/\/books.saarphila.de\/wp-content\/uploads\/2026\/03\/Beispiel-1200x1697.jpeg 1200w, https:\/\/books.saarphila.de\/wp-content\/uploads\/2026\/03\/Beispiel.jpeg 1568w\" sizes=\"auto, (max-width: 212px) 100vw, 212px\" \/><\/a><figcaption id=\"caption-attachment-443\" class=\"wp-caption-text\">Beispielseite<\/figcaption><\/figure>\n<p><strong>Eckdaten der Publikation<\/strong><\/p>\n<ul>\n<li>27 Seiten (digital, PDF)<\/li>\n<li>\u00fcber 250 meist kommentierte Eintr\u00e4ge<\/li>\n<li>\u00fcber 50 externe Links<\/li>\n<li>Hinweise zur Literatursuche, zu Zeitschriften, Experten usw.<\/li>\n<\/ul>\n<p>Dies Bibliografie, die aktuellste und umfangreichste auf dem deutschen Markt, ist gegen eine Schutzgeb\u00fchr von \u20ac5 \u00fcber mich zu beziehen.<\/p>\n<p>____________________<\/p>\n<p>\ud83c\uddec\ud83c\udde7 <strong>In a nutshell<\/strong>: An extensive bibliography for philately of the Saarland from 1945 onwards. On 27 pages you find in excess of 250 entries and more than 50 external links. Furthermore it contains information about finding literature, about philatelic journals (German\/English\/French), experts for Saar-philately etc.<br \/>\nYou may order this brochure (PDF) against a token-fee of \u20ac5.<\/p>\n<p>\ud83c\uddeb\ud83c\uddf7 <strong>En bref<\/strong>: Une bibliographie exhaustive sur la philat\u00e9lie en Sarre depuis 1945. Sur 27 pages, vous trouverez plus de 250 entr\u00e9es et plus de 50 liens externes. Elle contient \u00e9galement des informations sur la recherche de litt\u00e9rature, les revues philat\u00e9liques (en allemand, anglais et fran\u00e7ais), les experts en philat\u00e9lie sarroise, etc.<br \/>\nVous pouvez commander cette brochure (PDF) moyennant une participation symbolique de 5 \u20ac.<\/p>\n<p><span style=\"color: #333333;\">#saarphila #saarphilatelie<\/span><\/p>\n","protected":false},"excerpt":{"rendered":"<p>Saarphila Ratgeber Otto-Normal-Sammler ben\u00f6tigt einen oder zwei gute Briefmarken-Kataloge, welche er in regelm\u00e4ssigen Abst\u00e4nden erneuert. Philatelisten ben\u00f6tigen dagegen mehr und meist speziellere Literatur, denn \u00abLiteratur und Forschung sind die fundamentalen S\u00e4ulen der Philatelie.\u00bb Die vorliegenden Bibliografie gibt einen guten \u00dcberblick \u00fcber die aktuell vorliegende Literatur zur Saarlandphilatelie. F\u00fcr die Eintr\u00e4ge war die Relevanz der Titel&hellip;<\/p>\n","protected":false},"author":2,"featured_media":0,"parent":215,"menu_order":0,"comment_status":"closed","ping_status":"closed","template":"","meta":{"footnotes":""},"class_list":["post-440","page","type-page","status-publish","hentry"],"_links":{"self":[{"href":"https:\/\/books.saarphila.de\/index.php?rest_route=\/wp\/v2\/pages\/440","targetHints":{"allow":["GET"]}}],"collection":[{"href":"https:\/\/books.saarphila.de\/index.php?rest_route=\/wp\/v2\/pages"}],"about":[{"href":"https:\/\/books.saarphila.de\/index.php?rest_route=\/wp\/v2\/types\/page"}],"author":[{"embeddable":true,"href":"https:\/\/books.saarphila.de\/index.php?rest_route=\/wp\/v2\/users\/2"}],"replies":[{"embeddable":true,"href":"https:\/\/books.saarphila.de\/index.php?rest_route=%2Fwp%2Fv2%2Fcomments&post=440"}],"version-history":[{"count":0,"href":"https:\/\/books.saarphila.de\/index.php?rest_route=\/wp\/v2\/pages\/440\/revisions"}],"up":[{"embeddable":true,"href":"https:\/\/books.saarphila.de\/index.php?rest_route=\/wp\/v2\/pages\/215"}],"wp:attachment":[{"href":"https:\/\/books.saarphila.de\/index.php?rest_route=%2Fwp%2Fv2%2Fmedia&parent=440"}],"curies":[{"name":"wp","href":"https:\/\/api.w.org\/{rel}","templated":true}]}}